{"id":380,"date":"2019-09-10T13:57:28","date_gmt":"2019-09-10T11:57:28","guid":{"rendered":"https:\/\/joseph1699.cz\/?page_id=380"},"modified":"2025-02-06T16:06:46","modified_gmt":"2025-02-06T15:06:46","slug":"kontakt","status":"publish","type":"page","link":"https:\/\/joseph1699.cz\/de\/kontakt\/","title":{"rendered":"Kontakt","raw":"Kontakt"},"content":{"rendered":"<h3>Wo finden Sie uns<\/h3>\n<p>Hotel Joseph1699****<br \/>\nSkaln\u00ed 85\/8<br \/>\n674&nbsp;01 T\u0159eb\u00ed\u010d, Tschechische Republik<\/p>\n<p>Wir empfehlen &#8211; Sie k\u00f6nnen den Plan zur besseren Orientierung in den engen Gassen des UNESCO &#8211; Viertel der Stadt herunterladen: <a href=\"https:\/\/joseph1699.cz\/wp-content\/uploads\/2024\/07\/How_to_go_to_Joseph1699_and_parking_2024d.pdf\" target=\"_blank\" rel=\"noopener\"><strong>Wo finden Sie Hotel Joseph1699?<\/strong><\/a><\/p>\n<p>Karte mit BUSparkpl\u00e4tzen in der N\u00e4he des Hotels \u00a0 \u00a0<a href=\"https:\/\/joseph1699.cz\/wp-content\/uploads\/2025\/02\/Hotel-Joseph_BUS_parking-near-the-hotel.pdf\" target=\"_blank\" rel=\"noopener\">HIER<\/a><\/p>\n<h3>Rezeption<\/h3>\n<p><a href=\"tel:+420602721776\">+420&nbsp;602&nbsp;721&nbsp;776<\/a><br \/>\n<a href=\"&#x6d;a&#x69;l&#x74;&#111;&#x3a;&#114;e&#x63;e&#x70;&#116;&#x69;&#111;&#x6e;&#64;j&#x6f;s&#x65;&#112;&#x68;&#49;&#x36;&#x39;9&#x2e;c&#x7a;\">r&#101;&#99;&#101;&#x70;&#x74;&#x69;on&#64;&#106;&#x6f;&#x73;&#x65;&#x70;h1&#54;&#57;&#x39;&#x2e;&#x63;&#x7a;<\/a><\/p>\n<h3>Ansprechpartner<\/h3>\n<p>Ing. Josef Po\u0161va\u0159<br \/>\n<a href=\"tel:+420724229302\">+420&nbsp;724&nbsp;229&nbsp;302<\/a><br \/>\n<a href=\"&#109;a&#x69;l&#x74;o&#x3a;j&#x70;o&#x73;v&#x61;&#114;&#x6f;&#118;&#x61;&#64;&#x6a;&#111;&#x73;&#101;&#x70;&#104;&#x31;&#54;9&#x39;&#46;&#x63;z\">&#106;p&#111;s&#118;a&#x72;&#64;&#x6a;o&#x73;e&#x70;h&#x31;6&#x39;9&#x2e;c&#x7a;<\/a><\/p>\n<h3>Betreiber<\/h3>\n<p>Accomo s.r.o\u00a0 (GmbH)<br \/>\n<strong>Sitz:<\/strong> Re\u0161ice 110, 671&nbsp;73 Tule\u0161ice, Tschechische Republik<br \/>\n<strong>Gesch\u00e4ftsf\u00fchrer:<\/strong> Ing. Josef Po\u0161va\u0159<br \/>\n<strong>Identifikation Nr.:<\/strong> 269&nbsp;29&nbsp;414<br \/>\n<strong>UID-Nr.:<\/strong> CZ26929414<br \/>\n<strong>Aktensammlung:<\/strong> Kreisgericht in Br\u00fcnn, Abteil C, Einlage 46139<\/p>\n<h4>Bankverbindung<\/h4>\n<p>\u010ceskoslovensk\u00e1 obchodn\u00ed banka, a.s., Filiale in T\u0159eb\u00ed\u010d.<br \/>\n<strong>Bankkonto:<\/strong> 274840998 \/ 0300<br \/>\n<strong>Code f\u00fcr inl\u00e4ndische Zahlungen:<\/strong> 0300<br \/>\n<strong>IBAN:<\/strong> CZ03&nbsp;0300&nbsp;0000&nbsp;0002&nbsp;7484&nbsp;0998<br \/>\n<strong>BIC\/SWIFT<\/strong>: CEKOCZPP<\/p>\n<p>&nbsp;<\/p>\n<p>Hotel Joseph1699 Team<\/p>\n","protected":false,"raw":"<h3>Wo finden Sie uns<\/h3>\r\nHotel Joseph1699****\r\nSkaln\u00ed 85\/8\r\n674 01 T\u0159eb\u00ed\u010d, Tschechische Republik\r\n\r\nWir empfehlen - Sie k\u00f6nnen den Plan zur besseren Orientierung in den engen Gassen des UNESCO - Viertel der Stadt herunterladen: <a href=\"https:\/\/joseph1699.cz\/wp-content\/uploads\/2024\/07\/How_to_go_to_Joseph1699_and_parking_2024d.pdf\" target=\"_blank\" rel=\"noopener\"><strong>Wo finden Sie Hotel Joseph1699?<\/strong><\/a>\r\n\r\nKarte mit BUSparkpl\u00e4tzen in der N\u00e4he des Hotels \u00a0 \u00a0<a href=\"https:\/\/joseph1699.cz\/wp-content\/uploads\/2025\/02\/Hotel-Joseph_BUS_parking-near-the-hotel.pdf\" target=\"_blank\" rel=\"noopener\">HIER<\/a>\r\n<h3>Rezeption<\/h3>\r\n<a href=\"tel:+420602721776\">+420 602 721 776<\/a>\r\n<a href=\"mailto:reception@joseph1699.cz\">reception@joseph1699.cz<\/a>\r\n<h3>Ansprechpartner<\/h3>\r\nIng. Josef Po\u0161va\u0159\r\n<a href=\"tel:+420724229302\">+420 724 229 302<\/a>\r\n<a href=\"mailto:jposvarova@joseph1699.cz\">jposvar@joseph1699.cz<\/a>\r\n<h3>Betreiber<\/h3>\r\nAccomo s.r.o\u00a0 (GmbH)\r\n<strong>Sitz:<\/strong> Re\u0161ice 110, 671 73 Tule\u0161ice, Tschechische Republik\r\n<strong>Gesch\u00e4ftsf\u00fchrer:<\/strong> Ing. Josef Po\u0161va\u0159\r\n<strong>Identifikation Nr.:<\/strong> 269 29 414\r\n<strong>UID-Nr.:<\/strong> CZ26929414\r\n<strong>Aktensammlung:<\/strong> Kreisgericht in Br\u00fcnn, Abteil C, Einlage 46139\r\n<h4>Bankverbindung<\/h4>\r\n\u010ceskoslovensk\u00e1 obchodn\u00ed banka, a.s., Filiale in T\u0159eb\u00ed\u010d.\r\n<strong>Bankkonto:<\/strong> 274840998 \/ 0300\r\n<strong>Code f\u00fcr inl\u00e4ndische Zahlungen:<\/strong> 0300\r\n<strong>IBAN:<\/strong> CZ03 0300 0000 0002 7484 0998\r\n<strong>BIC\/SWIFT<\/strong>: CEKOCZPP\r\n\r\n&nbsp;\r\n\r\nHotel Joseph1699 Team"},"excerpt":{"rendered":"","protected":false,"raw":""},"author":1,"featured_media":0,"parent":0,"menu_order":6,"comment_status":"closed","ping_status":"closed","template":"","meta":{"_ru_post_content":"<h3>\u0413\u0434\u0435 \u0432\u044b \u043c\u043e\u0436\u0435\u0442\u0435 \u043d\u0430\u0439\u0442\u0438 \u043d\u0430\u0441<\/h3>\r\nHotel Joseph1699****\r\nSkaln\u00ed 85\/8\r\n674 01 T\u0159eb\u00ed\u010d, Czech Republic\r\n\r\n<strong>\u0412\u044b \u043c\u043e\u0436\u0435\u0442\u0435 \u0441\u043a\u0430\u0447\u0430\u0442\u044c \u043f\u043b\u0430\u043d \u0434\u043b\u044f \u043b\u0443\u0447\u0448\u0435\u0439 \u043e\u0440\u0438\u0435\u043d\u0442\u0430\u0446\u0438\u0438 \u0432 \u0443\u0437\u043a\u0438\u0435 \u043f\u0435\u0440\u0435\u0443\u043b\u043a\u0438 \u0447\u0430\u0441\u0442\u0438 \u0433\u043e\u0440\u043e\u0434\u0430 \u042e\u041d\u0415\u0421\u041a\u041e:\u00a0 <\/strong>\u00a0<a href=\"https:\/\/joseph1699.cz\/wp-content\/uploads\/2024\/07\/How_to_go_to_Joseph1699_and_parking_2024d.pdf\" target=\"_blank\" rel=\"noopener\"><strong>\u043a\u0430\u043a \u0442\u0443\u0434\u0430 \u0434\u043e\u0431\u0440\u0430\u0442\u044c\u0441\u044f?<\/strong><\/a>\r\n<h3>\u043f\u0440\u0438\u0435\u043c<\/h3>\r\n<a href=\"tel:+420602721776\">+420 602 721 776<\/a>\r\n<a href=\"mailto:recepce@joseph1699.cz\">recepce@joseph1699.cz<\/a>\r\n<h3>\u041a\u043e\u043d\u0442\u0430\u043a\u0442\u043d\u043e\u0435 \u043b\u0438\u0446\u043e<\/h3>\r\nIng. Josef Po\u0161va\u0159\r\n<a href=\"tel:+420724229302\">+420 724 229 302<\/a>\r\n<a href=\"mailto:jposvarova@joseph1699.cz\">jposvar@joseph1699.cz<\/a>\r\n<h3>\u042d\u043a\u0441\u043f\u043b\u0443\u0430\u0442\u0430\u0446\u0438\u043e\u043d\u043d\u0430\u044f \u043e\u0440\u0433\u0430\u043d\u0438\u0437\u0430\u0446\u0438\u044f<\/h3>\r\nAccomo s.r.o.\r\n<strong>\u041e\u0444\u0438\u0441:<\/strong> Re\u0161ice 110, 671 73 Tule\u0161ice\r\n<strong>\u0434\u0438\u0440\u0435\u043a\u0442\u043e\u0440 \u0444\u0438\u0440\u043c\u044b:<\/strong> \u0418\u043d\u0436.\u0419\u043e\u0441\u0435\u0444 \u041f\u043e\u0448\u0432\u0430\u0440\u0436 (Ing. Josef Po\u0161va\u0159)\r\n<strong>I\u010c:<\/strong> 269 29 414\r\n<strong>DI\u010c:<\/strong> CZ26929414\r\n\u0417\u0430\u043f\u0438\u0441\u0430\u043d\u043e \u0432 \u041a\u0440\u0430\u0435\u0432\u043e\u043c \u0441\u0443\u0434\u0435 \u0433.\u0411\u0440\u043d\u043e,\u0440\u0430\u0437\u0434\u0435\u043b C, \u0432\u043a\u043b\u0430\u0434\u044b\u0448 46139\r\n<h4>\u0411\u0430\u043d\u043a\u043e\u0432\u0441\u043a\u0438\u0435 \u0440\u0435\u043a\u0432\u0438\u0437\u0438\u0442\u044b<\/h4>\r\n\u010ceskoslovensk\u00e1 obchodn\u00ed banka, a.s., \u043e\u0442\u0434\u0435\u043b\u0435\u043d\u0438\u0435 \u0431\u0430\u043d\u043a\u0430 \u0432 T\u0159eb\u00ed\u010d\r\n<strong>\u0431\u0430\u043d\u043a\u043e\u0432\u0441\u043a\u0438\u0439 \u0441\u0447\u0435\u0442:<\/strong> 274840998 \/ 0300\r\n<strong>\u043a\u043e\u0434 \u0434\u043b\u044f \u0432\u043d\u0443\u0442\u0440\u0435\u043d\u043d\u0438\u0445 \u043f\u043b\u0430\u0442\u0435\u0436\u0435\u0439:<\/strong> 0300\r\n<strong>IBAN:<\/strong> CZ03 0300 0000 0002 7484 0998\r\n<strong>BIC\/SWIFT<\/strong>: CEKOCZPP\r\n\r\n&nbsp;","_ru_post_name":"kontakt","_ru_post_excerpt":"","_ru_post_title":"\u043a\u043e\u043d\u0442\u0430\u043a\u0442","_cs_post_content":"<h2>Kde najdete n\u00e1\u0161 hotel<\/h2>\r\nHotel Joseph1699****\r\nSkaln\u00ed 85\/8\r\n674 01 T\u0159eb\u00ed\u010d\r\n\r\nDoporu\u010dujeme - st\u00e1hn\u011bte si pl\u00e1nek p\u0159\u00edjezov\u00fdch tras a mo\u017enost\u00ed parkov\u00e1n\u00ed pro lep\u0161\u00ed orientaci v uli\u010dk\u00e1ch pam\u00e1tkov\u00e9 z\u00f3ny p\u0159i p\u0159\u00edjezdu do hotelu:\u00a0\u00a0 <strong><a href=\"https:\/\/joseph1699.cz\/wp-content\/uploads\/2024\/07\/How_to_go_to_Joseph1699_and_parking_2024d.pdf\" target=\"_blank\" rel=\"noopener\">Pl\u00e1nek ZDE<\/a><\/strong>\r\n\r\nPro autobusy mo\u017enost parkov\u00e1n\u00ed bl\u00edzko hotelu uv\u00e1d\u00edme <a href=\"https:\/\/joseph1699.cz\/wp-content\/uploads\/2025\/02\/Hotel-Joseph_BUS_parking-near-the-hotel.pdf\" target=\"_blank\" rel=\"noopener\">ZDE<\/a>\r\n<h2>Recepce hotelu<\/h2>\r\n<a href=\"tel:+420602721776\">+420 602 721 776<\/a>\r\n<a href=\"mailto:recepce@joseph1699.cz\">recepce@joseph1699.cz<\/a>\r\n<h2>Voln\u00e1 pracovn\u00ed m\u00edsta<\/h2>\r\nIng. Josef Po\u0161va\u0159\r\n<a href=\"tel:+420724229302\">+420 724 229 302<\/a>\r\n<a href=\"mailto:jposvarova@joseph1699.cz\">jposvar@joseph1699.cz<\/a>\r\n\r\nNa\u00a0tento kontakt m\u016f\u017eete zas\u00edlat \u017eivotopisy na\u00a0pozice recep\u010dn\u00ed (znalost AJ), pokojsk\u00e1\r\n<h2>Provozovatel hotelu<\/h2>\r\nAccomo s.r.o.\r\n<strong>S\u00eddlo:<\/strong> Re\u0161ice 110, 671 73 Tule\u0161ice\r\n<strong>Jednatel spole\u010dnosti:<\/strong> Ing. Josef Po\u0161va\u0159\r\n<strong>I\u010c:<\/strong> 269 29 414\r\n<strong>DI\u010c:<\/strong> CZ26929414\r\n<strong>Spisov\u00e1 slo\u017eka:<\/strong> Krajsk\u00fd soud v Brn\u011b, odd\u00edl C, vlo\u017eka 46139\r\n<h3>Bankovn\u00ed spojen\u00ed hotelu<\/h3>\r\n\u010ceskoslovensk\u00e1 obchodn\u00ed banka, a.s., pobo\u010dka v T\u0159eb\u00ed\u010di.\r\n<strong>\u010c\u00edslo \u00fa\u010dtu:<\/strong> 274840998 \/ 0300\r\n<strong>K\u00f3d banky pro \u00fa\u010dely tuzemsk\u00e9ho platebn\u00edho styku:<\/strong> 0300\r\n<strong>IBAN:<\/strong> CZ03 0300 0000 0002 7484 0998\r\n<strong>BIC\/SWIFT<\/strong>: CEKOCZPP\r\n\r\n<strong>T\u00fdm hotelu Joseph1699<\/strong>","_cs_post_name":"kontakt","_cs_post_excerpt":"","_cs_post_title":"Kontakt","_de_post_content":"<h3>Wo finden Sie uns<\/h3>\r\nHotel Joseph1699****\r\nSkaln\u00ed 85\/8\r\n674 01 T\u0159eb\u00ed\u010d, Tschechische Republik\r\n\r\nWir empfehlen - Sie k\u00f6nnen den Plan zur besseren Orientierung in den engen Gassen des UNESCO - Viertel der Stadt herunterladen: <a href=\"https:\/\/joseph1699.cz\/wp-content\/uploads\/2024\/07\/How_to_go_to_Joseph1699_and_parking_2024d.pdf\" target=\"_blank\" rel=\"noopener\"><strong>Wo finden Sie Hotel Joseph1699?<\/strong><\/a>\r\n\r\nKarte mit BUSparkpl\u00e4tzen in der N\u00e4he des Hotels \u00a0 \u00a0<a href=\"https:\/\/joseph1699.cz\/wp-content\/uploads\/2025\/02\/Hotel-Joseph_BUS_parking-near-the-hotel.pdf\" target=\"_blank\" rel=\"noopener\">HIER<\/a>\r\n<h3>Rezeption<\/h3>\r\n<a href=\"tel:+420602721776\">+420 602 721 776<\/a>\r\n<a href=\"mailto:reception@joseph1699.cz\">reception@joseph1699.cz<\/a>\r\n<h3>Ansprechpartner<\/h3>\r\nIng. Josef Po\u0161va\u0159\r\n<a href=\"tel:+420724229302\">+420 724 229 302<\/a>\r\n<a href=\"mailto:jposvarova@joseph1699.cz\">jposvar@joseph1699.cz<\/a>\r\n<h3>Betreiber<\/h3>\r\nAccomo s.r.o\u00a0 (GmbH)\r\n<strong>Sitz:<\/strong> Re\u0161ice 110, 671 73 Tule\u0161ice, Tschechische Republik\r\n<strong>Gesch\u00e4ftsf\u00fchrer:<\/strong> Ing. Josef Po\u0161va\u0159\r\n<strong>Identifikation Nr.:<\/strong> 269 29 414\r\n<strong>UID-Nr.:<\/strong> CZ26929414\r\n<strong>Aktensammlung:<\/strong> Kreisgericht in Br\u00fcnn, Abteil C, Einlage 46139\r\n<h4>Bankverbindung<\/h4>\r\n\u010ceskoslovensk\u00e1 obchodn\u00ed banka, a.s., Filiale in T\u0159eb\u00ed\u010d.\r\n<strong>Bankkonto:<\/strong> 274840998 \/ 0300\r\n<strong>Code f\u00fcr inl\u00e4ndische Zahlungen:<\/strong> 0300\r\n<strong>IBAN:<\/strong> CZ03 0300 0000 0002 7484 0998\r\n<strong>BIC\/SWIFT<\/strong>: CEKOCZPP\r\n\r\n&nbsp;\r\n\r\nHotel Joseph1699 Team","_de_post_name":"kontakt","_de_post_excerpt":"","_de_post_title":"Kontakt","_en_post_content":"<h3>Where to find us<\/h3>\r\nHotel Joseph1699****\r\nSkaln\u00ed 85\/8\r\n674 01 T\u0159eb\u00ed\u010d, Czech Republic\r\n\r\nWe recommend you to download the plan for better orientation in the narrow lanes of UNESCO area at arrival:\u00a0 <a href=\"https:\/\/joseph1699.cz\/wp-content\/uploads\/2024\/07\/How_to_go_to_Joseph1699_and_parking_2024d.pdf\" target=\"_blank\" rel=\"noopener\"><strong>How to go to Hotel Joseph1699<\/strong><\/a>\r\n\r\nMap with BUS parking options near the hotel - <a href=\"https:\/\/joseph1699.cz\/wp-content\/uploads\/2025\/02\/Hotel-Joseph_BUS_parking-near-the-hotel.pdf\" target=\"_blank\" rel=\"noopener\">HERE<\/a>\r\n<h3>Reception<\/h3>\r\n<a href=\"tel:+420602721776\">+420 602 721 776<\/a>\r\n<a href=\"mailto:reception@joseph1699.cz\">reception@joseph1699.cz<\/a>\r\n<h3>Contact person<\/h3>\r\nIng. Josef Po\u0161va\u0159\r\n<a href=\"tel:+420724229302\">+420 724 229 302<\/a>\r\n<a href=\"mailto:jposvarova@joseph1699.cz\">jposvar@joseph1699.cz<\/a>\r\n<h3>Provider<\/h3>\r\nAccomo s.r.o. (Ltd.)\r\n<strong>Company adress:<\/strong> Re\u0161ice 110, 671 73 Tule\u0161ice\r\n<strong>Managing director:<\/strong> Ing. Josef Po\u0161va\u0159\r\n<strong>Reg. No:<\/strong> 269 29 414\r\n<strong>VAT ID:<\/strong> CZ26929414\r\nRegional court in Brno, division C, number 46139\r\n<h4><strong>Bank connection<\/strong><\/h4>\r\n\u010ceskoslovensk\u00e1 obchodn\u00ed banka, a.s., branch bank in T\u0159eb\u00ed\u010d\r\n<strong>Acct No:<\/strong> 274840998 \/ 0300\r\n<strong>Code for domestic payment:<\/strong> 0300\r\n<strong>IBAN:<\/strong> CZ03 0300 0000 0002 7484 0998\r\n<strong>BIC\/SWIFT<\/strong>: CEKOCZPP\r\n\r\nWe wish you a nice stay!\r\n\r\n<strong>Hotel Joseph1699 Team<\/strong>","_en_post_name":"contact","_en_post_excerpt":"","_en_post_title":"Contact","edit_language":"de","footnotes":""},"class_list":["post-380","page","type-page","status-publish","hentry"],"_links":{"self":[{"href":"https:\/\/joseph1699.cz\/de\/wp-json\/wp\/v2\/pages\/380","targetHints":{"allow":["GET"]}}],"collection":[{"href":"https:\/\/joseph1699.cz\/de\/wp-json\/wp\/v2\/pages"}],"about":[{"href":"https:\/\/joseph1699.cz\/de\/wp-json\/wp\/v2\/types\/page"}],"author":[{"embeddable":true,"href":"https:\/\/joseph1699.cz\/de\/wp-json\/wp\/v2\/users\/1"}],"replies":[{"embeddable":true,"href":"https:\/\/joseph1699.cz\/de\/wp-json\/wp\/v2\/comments?post=380"}],"version-history":[{"count":55,"href":"https:\/\/joseph1699.cz\/de\/wp-json\/wp\/v2\/pages\/380\/revisions"}],"predecessor-version":[{"id":2871,"href":"https:\/\/joseph1699.cz\/de\/wp-json\/wp\/v2\/pages\/380\/revisions\/2871"}],"wp:attachment":[{"href":"https:\/\/joseph1699.cz\/de\/wp-json\/wp\/v2\/media?parent=380"}],"curies":[{"name":"wp","href":"https:\/\/api.w.org\/{rel}","templated":true}]}}